{"id":15344,"date":"2017-08-11T12:47:01","date_gmt":"2017-08-11T12:47:01","guid":{"rendered":"http:\/\/www.krokodil.rs\/eng\/?page_id=15344"},"modified":"2017-08-11T14:29:18","modified_gmt":"2017-08-11T14:29:18","slug":"krokodokodil-2014","status":"publish","type":"page","link":"https:\/\/www.krokodil.rs\/eng\/krokodokodil-2014\/","title":{"rendered":"Krokodokodil 2014"},"content":{"rendered":"<section class=\"wpb-content-wrapper\"><p>[vc_row css_animation=&#8221;&#8221; row_type=&#8221;row&#8221; use_row_as_full_screen_section=&#8221;no&#8221; type=&#8221;grid&#8221; angled_section=&#8221;no&#8221; text_align=&#8221;left&#8221; background_image_as_pattern=&#8221;without_pattern&#8221; padding_top=&#8221;87&#8243;][vc_column][vc_column_text]<\/p>\n<h2 lang=\"en-GB\" align=\"CENTER\">\u00a0KROKODOKODIL 2014.<\/h2>\n<p>[\/vc_column_text][vc_separator type=&#8221;small&#8221; position=&#8221;center&#8221; color=&#8221;#ff7000&#8243;][vc_column_text]<\/p>\n<h4 lang=\"en-GB\" align=\"CENTER\"><em><span lang=\"en-GB\">\u2013<b>Kako pobe\u0107i iz horor pri\u010de<\/b><\/span><span lang=\"en-GB\">\u00a0\u2013<\/span><\/em><\/h4>\n<p>[\/vc_column_text][vc_separator type=&#8221;transparent&#8221; up=&#8221;31&#8243; down=&#8221;10&#8243;][vc_separator type=&#8221;normal&#8221; down=&#8221;30&#8243;][\/vc_column][\/vc_row][vc_row css_animation=&#8221;&#8221; row_type=&#8221;row&#8221; use_row_as_full_screen_section=&#8221;no&#8221; type=&#8221;full_width&#8221; angled_section=&#8221;no&#8221; text_align=&#8221;left&#8221; background_image_as_pattern=&#8221;without_pattern&#8221; padding_top=&#8221;50&#8243; padding_bottom=&#8221;80&#8243;][vc_column width=&#8221;1\/2&#8243;][vc_single_image image=&#8221;15338&#8243; img_size=&#8221;large&#8221; alignment=&#8221;center&#8221; style=&#8221;vc_box_shadow&#8221; qode_css_animation=&#8221;&#8221;][\/vc_column][vc_column width=&#8221;1\/2&#8243;]<div class='q_icon_with_title tiny normal_icon '><div class=\"icon_holder \" style=\" \"><span data-icon-type=\"normal\"   style=\"\" class=\"qode_iwt_icon_holder q_font_awsome_icon fa-lg  \"><i class=\"qode_icon_font_awesome fa fa-location-arrow qode_iwt_icon_element\" style=\"color: #f77000;\" ><\/i><\/span><\/div><div class=\"icon_text_holder\" style=\"\"><div class=\"icon_text_inner\" style=\"\"><h5 class=\"icon_title\" style=\"color: #f77000;\">KAD<\/h5><p style=''><\/p><\/div><\/div><\/div>[vc_column_text]<span lang=\"sh-YU\"><b>15.<\/b><\/span> <span lang=\"sh-YU\"><b>oktobra 2014. od 13.00 do 14.15 sati<\/b><\/span>[\/vc_column_text][vc_separator type=&#8221;transparent&#8221; down=&#8221;10px&#8221;]<div class='q_icon_with_title tiny normal_icon '><div class=\"icon_holder \" style=\" \"><span data-icon-type=\"normal\"   style=\"\" class=\"qode_iwt_icon_holder q_font_awsome_icon fa-lg  \"><i class=\"qode_icon_font_awesome fa fa-location-arrow qode_iwt_icon_element\" style=\"color: #f77000;\" ><\/i><\/span><\/div><div class=\"icon_text_holder\" style=\"\"><div class=\"icon_text_inner\" style=\"\"><h5 class=\"icon_title\" style=\"color: #f77000;\">GDE<\/h5><p style=''><\/p><\/div><\/div><\/div>[vc_column_text]<strong><span lang=\"sh-YU\"><b>Pozori\u0161te Dadov<\/b><\/span><span lang=\"sh-YU\">, Desanke Maksimovi\u0107 6<\/span>, Beograd<\/strong>[\/vc_column_text][vc_separator type=&#8221;transparent&#8221; down=&#8221;10px&#8221;]<div class='q_icon_with_title tiny normal_icon '><div class=\"icon_holder \" style=\" \"><span data-icon-type=\"normal\"   style=\"\" class=\"qode_iwt_icon_holder q_font_awsome_icon fa-lg  \"><i class=\"qode_icon_font_awesome fa fa-location-arrow qode_iwt_icon_element\" style=\"color: #f77000;\" ><\/i><\/span><\/div><div class=\"icon_text_holder\" style=\"\"><div class=\"icon_text_inner\" style=\"\"><h5 class=\"icon_title\" style=\"color: #f77000;\">U\u010cESTVUJU<\/h5><p style=''><\/p><\/div><\/div><\/div>[vc_column_text]<strong><span lang=\"sh-YU\">Rastko \u0106iri\u0107<\/span><span lang=\"sh-YU\">, <\/span><span lang=\"sh-YU\">Aleksandar Palavestra<\/span><span lang=\"sh-YU\">,\u00a0<\/span><span lang=\"sh-YU\">Uro\u0161 Petrovi\u0107<\/span><span lang=\"sh-YU\"> i\u00a0<\/span><span lang=\"sh-YU\">Lena Olmark<\/span><span lang=\"sh-YU\">. Program \u0107e voditi pisci za decu, <\/span><span lang=\"sh-YU\">Jasminka Petrovi\u0107<\/span><span lang=\"sh-YU\"> i\u00a0<\/span><span lang=\"sh-YU\">Ra\u0161a Popov<\/span><span lang=\"sh-YU\">.<\/span><\/strong>[\/vc_column_text][\/vc_column][\/vc_row][vc_row css_animation=&#8221;&#8221; row_type=&#8221;row&#8221; use_row_as_full_screen_section=&#8221;no&#8221; type=&#8221;full_width&#8221; angled_section=&#8221;no&#8221; text_align=&#8221;left&#8221; background_image_as_pattern=&#8221;without_pattern&#8221;][vc_column][vc_gallery type=&#8221;image_grid&#8221; images=&#8221;15359,15358,15357,15356&#8243; img_size=&#8221;600&#215;600&#8243; onclick=&#8221;custom_link&#8221; column_number=&#8221;4&#8243; grayscale=&#8221;no&#8221; images_space=&#8221;gallery_without_space&#8221; custom_links=&#8221;#E-8_aHR0cCUzQSUyRiUyRnd3dy5rcm9rb2RpbC5ycyUyRmdhbGVyaWphLWZlc3RpdmFsYS1rcm9rb2Rva29kaWwtMjAxNCUyRiUyQ2h0dHAlM0ElMkYlMkZ3d3cua3Jva29kaWwucnMlMkZnYWxlcmlqYS1mZXN0aXZhbGEta3Jva29kb2tvZGlsLTIwMTQlMkYlMkNodHRwJTNBJTJGJTJGd3d3Lmtyb2tvZGlsLnJzJTJGZ2FsZXJpamEtZmVzdGl2YWxhLWtyb2tvZG9rb2RpbC0yMDE0JTJGJTJDaHR0cCUzQSUyRiUyRnd3dy5rcm9rb2RpbC5ycyUyRmdhbGVyaWphLWZlc3RpdmFsYS1rcm9rb2Rva29kaWwtMjAxNCUyRiUyQw==&#8221;][\/vc_column][\/vc_row][vc_row css_animation=&#8221;&#8221; row_type=&#8221;row&#8221; use_row_as_full_screen_section=&#8221;no&#8221; type=&#8221;grid&#8221; angled_section=&#8221;no&#8221; text_align=&#8221;left&#8221; background_image_as_pattern=&#8221;without_pattern&#8221; background_color=&#8221;#ffffff&#8221; padding_top=&#8221;78&#8243; padding_bottom=&#8221;14&#8243;][vc_column][vc_separator type=&#8221;transparent&#8221; up=&#8221;10&#8243;][vc_column_text]<span lang=\"sh-YU\">Festival KROKODOKODIL, koji zajedni\u010dki organizuju beogradska udru\u017eenja KROKODIL i OK \u2013 Obrazovanje i kultura, u prvi plan stavlja <\/span><span lang=\"sh-YU\"><b>knji\u017eevnost za decu i kulturu \u010ditanja, kao i odgajanje nove \u010ditala\u010dke publike<\/b><\/span><span lang=\"sh-YU\">.<\/span><\/p>\n<p lang=\"sh-YU\">Festival je prvi put odr\u017ean u aprilu 2013. godine u Kulturnom centru Majdan, sa temom \u201eKako nastaje knjiga\u201c, i na festivalu su nastupali spisateljsko \u2013 ilustratorski parovi Jasminka Petrovi\u0107 i Bob \u017divkovi\u0107 iz Srbije, i Ana \u0110oki\u0107 i Darko Macan iz Hrvatske, uz pomo\u0107 voditelja Ra\u0161e Popova.<\/p>\n<p lang=\"sh-YU\">Ove godine, festival za centralnu temu ima \u017eanr strave i u\u017easa, s podnaslovom \u201e<span lang=\"sh-YU\"><b>Kako pobe\u0107i iz horor pri\u010de<\/b><\/span><span lang=\"sh-YU\">\u201c<\/span><\/p>\n<p>&nbsp;<\/p>\n<p><span lang=\"sh-YU\">Festival \u0107e se odr\u017eati <\/span><span lang=\"sh-YU\"><b>15.<\/b><\/span> <span lang=\"sh-YU\"><b>oktobra 2014. od 13.00 do 14.15 sati\u00a0<\/b><\/span><span lang=\"sh-YU\">u <\/span><span lang=\"sh-YU\"><b>pozori\u0161tu Dadov<\/b><\/span><span lang=\"sh-YU\">, Desanke Maksimovi\u0107 6.<\/span><\/p>\n<p>&nbsp;<\/p>\n<p><span lang=\"sh-YU\">Na festivalu \u0107e nastupati vrhunski doma\u0107i autori: <\/span><span lang=\"sh-YU\"><b>Rastko \u0106iri\u0107<\/b><\/span><span lang=\"sh-YU\">, <\/span><span lang=\"sh-YU\"><b>Aleksandar Palavestra<\/b><\/span><span lang=\"sh-YU\">,\u00a0<\/span><span lang=\"sh-YU\"><b>Uro\u0161 Petrovi\u0107<\/b><\/span><span lang=\"sh-YU\"> i horor spisateljica za decu i mlade iz \u0160vedske <\/span><span lang=\"sh-YU\"><b>Lena Olmark<\/b><\/span><span lang=\"sh-YU\">. Program \u0107e voditi pisci za decu, <\/span><span lang=\"sh-YU\"><b>Jasminka Petrovi\u0107<\/b><\/span><span lang=\"sh-YU\"> i<\/span><span lang=\"sh-YU\"><b>Ra\u0161a Popov<\/b><\/span><span lang=\"sh-YU\">.<\/span><\/p>\n<p>&nbsp;<\/p>\n<p><span lang=\"sh-YU\">Istog dana bi\u0107e odr\u017eane i <\/span><span lang=\"sh-YU\"><b>\u010detiri radionice<\/b><\/span><span lang=\"sh-YU\"> od <\/span><span lang=\"sh-YU\"><b>10.30 do 12.00<\/b><\/span><span lang=\"sh-YU\">, u prostorijama \u0161kola na op\u0161tini Vra\u010dar. Teme radionica su:<\/span><\/p>\n<p><span lang=\"sh-YU\">Horor zagonetke (<\/span><span lang=\"sh-YU\"><b>Uro\u0161 Petrovi\u0107<\/b><\/span><span lang=\"sh-YU\">),<\/span><\/p>\n<p><span lang=\"sh-YU\">Pravljenje maski (<\/span><span lang=\"sh-YU\"><b>Iva \u0106iri\u0107<\/b><\/span><span lang=\"sh-YU\">),<\/span><\/p>\n<p><span lang=\"sh-YU\">Kometa dolazi (<\/span><span lang=\"sh-YU\"><b>Jasminka Petrovi\u0107 i Bojana Luki\u0107<\/b><\/span><span lang=\"sh-YU\">) i<\/span><\/p>\n<p><span lang=\"sh-YU\">Kako se pi\u0161e horor pri\u010da (<\/span><span lang=\"sh-YU\"><b>Lena Olmark<\/b><\/span><span lang=\"sh-YU\">).<\/span><\/p>\n<p lang=\"sh-YU\">Organizatori:<\/p>\n<p lang=\"sh-YU\">Udru\u017eenje KROKODIL,<\/p>\n<p lang=\"sh-YU\">Udru\u017eenje OK \u2013 Obrazovanje i kultura uz pomo\u0107 pozori\u0161ta Dadov.<\/p>\n<p lang=\"sh-YU\">Festival pomogli: Ministarstvo kulture Republike Srbije, Sekretarijat za kulturu Grada Beograda, knji\u017eevna mre\u017ea Traduki i \u0160vedski institut.<\/p>\n<p>[\/vc_column_text][\/vc_column][\/vc_row][vc_row css_animation=&#8221;&#8221; row_type=&#8221;row&#8221; use_row_as_full_screen_section=&#8221;no&#8221; type=&#8221;grid&#8221; angled_section=&#8221;no&#8221; text_align=&#8221;left&#8221; background_image_as_pattern=&#8221;without_pattern&#8221; background_color=&#8221;#ffffff&#8221; padding_top=&#8221;10&#8243;][vc_column][vc_separator type=&#8221;transparent&#8221; down=&#8221;30&#8243;][\/vc_column][\/vc_row][vc_row css_animation=&#8221;&#8221; row_type=&#8221;row&#8221; use_row_as_full_screen_section=&#8221;no&#8221; type=&#8221;grid&#8221; angled_section=&#8221;no&#8221; text_align=&#8221;left&#8221; background_image_as_pattern=&#8221;without_pattern&#8221; padding_top=&#8221;10&#8243; padding_bottom=&#8221;10&#8243;][vc_column]<div class='qode_carousels_holder clearfix'><div class='qode_carousels' data-number-of-visible-items=''><ul class='slides'><li class='item'><div class=\"carousel_item_holder\"><a itemprop='url' href='https:\/\/www.erstebank.rs\/rs\/' target='_blank'><span class='first_image_holder '><img itemprop=\"image\" src=\"http:\/\/www.krokodil.rs\/eng\/wp-content\/uploads\/2016\/08\/erste.png\" alt=\"carousel image\" \/><\/span><\/a><\/div><\/li><li class='item'><div class=\"carousel_item_holder\"><a itemprop='url' href='http:\/\/www.goethe.de\/ins\/cs\/sr\/bel.html?wt_sc=belgrad%3b' target='_blank'><span class='first_image_holder '><img itemprop=\"image\" src=\"http:\/\/www.krokodil.rs\/eng\/wp-content\/uploads\/2016\/08\/goethe.png\" alt=\"carousel image\" \/><\/span><\/a><\/div><\/li><li class='item'><div class=\"carousel_item_holder\"><a itemprop='url' href='http:\/\/www.kultura.gov.rs\/' target='_blank'><span class='first_image_holder '><img itemprop=\"image\" src=\"http:\/\/www.krokodil.rs\/eng\/wp-content\/uploads\/2016\/08\/ministarstvo.png\" alt=\"carousel image\" \/><\/span><\/a><\/div><\/li><li class='item'><div class=\"carousel_item_holder\"><a itemprop='url' href='http:\/\/www.beograd.rs\/' target='_blank'><span class='first_image_holder '><img itemprop=\"image\" src=\"http:\/\/www.krokodil.rs\/eng\/wp-content\/uploads\/2016\/08\/grad-beograd.png\" alt=\"carousel image\" \/><\/span><\/a><\/div><\/li><li class='item'><div class=\"carousel_item_holder\"><a itemprop='url' href='http:\/\/serbian.traduki.eu\/' target='_blank'><span class='first_image_holder '><img itemprop=\"image\" src=\"http:\/\/www.krokodil.rs\/eng\/wp-content\/uploads\/2016\/08\/traduki.png\" alt=\"carousel image\" \/><\/span><\/a><\/div><\/li><li class='item'><div class=\"carousel_item_holder\"><a itemprop='url' href='https:\/\/kulturstiftung.allianz.de\/en\/' target='_self'><span class='first_image_holder has_hover_image'><img itemprop=\"image\" src=\"http:\/\/www.krokodil.rs\/eng\/wp-content\/uploads\/2017\/03\/AKS-logo.png\" alt=\"carousel image\" \/><\/span><span class='second_image_holder has_hover_image'><img itemprop=\"image\" src=\"http:\/\/www.krokodil.rs\/eng\/wp-content\/uploads\/2017\/03\/AKS-logo.png\" alt=\"carousel image\" \/><\/span><\/a><\/div><\/li><\/ul><\/div><\/div>[\/vc_column][\/vc_row]<\/p>\n<\/section>","protected":false},"excerpt":{"rendered":"<p>[vc_row css_animation=&#8221;&#8221; row_type=&#8221;row&#8221; use_row_as_full_screen_section=&#8221;no&#8221; type=&#8221;grid&#8221; angled_section=&#8221;no&#8221; text_align=&#8221;left&#8221; background_image_as_pattern=&#8221;without_pattern&#8221; padding_top=&#8221;87&#8243;][vc_column][vc_column_text] \u00a0KROKODOKODIL 2014. [\/vc_column_text][vc_separator type=&#8221;small&#8221; position=&#8221;center&#8221; color=&#8221;#ff7000&#8243;][vc_column_text] \u2013Kako pobe\u0107i iz horor pri\u010de\u00a0\u2013 [\/vc_column_text][vc_separator type=&#8221;transparent&#8221; up=&#8221;31&#8243; down=&#8221;10&#8243;][vc_separator type=&#8221;normal&#8221; down=&#8221;30&#8243;][\/vc_column][\/vc_row][vc_row css_animation=&#8221;&#8221; row_type=&#8221;row&#8221; use_row_as_full_screen_section=&#8221;no&#8221; type=&#8221;full_width&#8221; angled_section=&#8221;no&#8221; text_align=&#8221;left&#8221; background_image_as_pattern=&#8221;without_pattern&#8221; padding_top=&#8221;50&#8243; padding_bottom=&#8221;80&#8243;][vc_column width=&#8221;1\/2&#8243;][vc_single_image image=&#8221;15338&#8243; img_size=&#8221;large&#8221; alignment=&#8221;center&#8221; style=&#8221;vc_box_shadow&#8221; qode_css_animation=&#8221;&#8221;][\/vc_column][vc_column width=&#8221;1\/2&#8243;][vc_column_text]15. oktobra 2014. od&#8230;<\/p>\n","protected":false},"author":1,"featured_media":0,"parent":0,"menu_order":0,"comment_status":"closed","ping_status":"closed","template":"full_width.php","meta":{"om_disable_all_campaigns":false,"_monsterinsights_skip_tracking":false,"_monsterinsights_sitenote_active":false,"_monsterinsights_sitenote_note":"","_monsterinsights_sitenote_category":0},"aioseo_notices":[],"_links":{"self":[{"href":"https:\/\/www.krokodil.rs\/eng\/wp-json\/wp\/v2\/pages\/15344"}],"collection":[{"href":"https:\/\/www.krokodil.rs\/eng\/wp-json\/wp\/v2\/pages"}],"about":[{"href":"https:\/\/www.krokodil.rs\/eng\/wp-json\/wp\/v2\/types\/page"}],"author":[{"embeddable":true,"href":"https:\/\/www.krokodil.rs\/eng\/wp-json\/wp\/v2\/users\/1"}],"replies":[{"embeddable":true,"href":"https:\/\/www.krokodil.rs\/eng\/wp-json\/wp\/v2\/comments?post=15344"}],"version-history":[{"count":4,"href":"https:\/\/www.krokodil.rs\/eng\/wp-json\/wp\/v2\/pages\/15344\/revisions"}],"predecessor-version":[{"id":15372,"href":"https:\/\/www.krokodil.rs\/eng\/wp-json\/wp\/v2\/pages\/15344\/revisions\/15372"}],"wp:attachment":[{"href":"https:\/\/www.krokodil.rs\/eng\/wp-json\/wp\/v2\/media?parent=15344"}],"curies":[{"name":"wp","href":"https:\/\/api.w.org\/{rel}","templated":true}]}}