{"id":15704,"date":"2019-05-06T16:29:58","date_gmt":"2019-05-06T16:29:58","guid":{"rendered":"http:\/\/www.krokodil.rs\/eng\/?page_id=15704"},"modified":"2019-05-06T16:29:58","modified_gmt":"2019-05-06T16:29:58","slug":"deklaration-zur-gemeinsamen-sprache","status":"publish","type":"page","link":"https:\/\/www.krokodil.rs\/eng\/deklaration-zur-gemeinsamen-sprache\/","title":{"rendered":"Deklaration zur gemeinsamen Sprache"},"content":{"rendered":"<p>Angesichts der negativen gesellschaftlichen, kulturellen und wirtschaftlichen Folgen politischer Manipulationen durch Sprache und der aktuellen Sprachpolitik in Bosnien-Herzegowina, Kroatien, Montenegro und Serbien, verabschieden wir, die Unterzeichnenden, die<\/p>\n<p><center><b>DEKLARATION ZUR GEMEINSAMEN SPRACHE<\/b><\/center>Die Frage, ob in Bosnien-Herzegowina, Kroatien, Montenegro und Serbien eine gemeinsame Sprache verwendet wird, kann bejaht werden.<\/p>\n<p>Es handelt sich um eine gemeinsame polyzentrische Standardsprache \u2013 beziehungsweise um eine Sprache, die von mehreren V\u00f6lkern in mehreren Staaten mit erkennbaren Variet\u00e4ten gesprochen wird \u2013 wie zum Beispiel Deutsch, Englisch, Arabisch, Franz\u00f6sisch, Spanisch, Portugiesisch und viele andere. Diese Tatsache wird gest\u00fctzt durch den Stokavischen Dialekt als gemeinsame Dialektgrundlage der Standardsprache, das Verh\u00e4ltnis von Gemeinsamkeiten und Unterschieden in der Sprache und die sich daraus ergebende gegenseitige Verst\u00e4ndlichkeit.<\/p>\n<p>Der Gebrauch von vier Bezeichnungen f\u00fcr die Standardvariet\u00e4ten \u2013 Bosnisch, Kroatisch, Montenegrinisch und Serbisch \u2013 bedeutet nicht, dass dies auch vier verschiedene Sprachen sind.<\/p>\n<p>Das Beharren auf der kleinen Anzahl bestehender Unterschiede und der gewaltsamen Trennung der vier Standardvariet\u00e4ten f\u00fchrt zu einer ganzen Reihe von negativen gesellschaftlichen, kulturellen und politischen Ph\u00e4nomenen, wie dem Gebrauch der Sprache als Argument f\u00fcr die Trennung von Kindern in gewissen multinationalen Milieus, unn\u00f6tigen \u201e\u00dcbersetzungen\u201c in Administration und Medien, dem Erfinden von Unterschieden, wo gar keine bestehen, b\u00fcrokratischen Zw\u00e4ngen, sowie Zensur (und Zwang zur Selbstzensur), wobei der sprachliche Ausdruck als Kriterium ethnonationaler Zugeh\u00f6rigkeit und Mittel zum Beweis politischer Loyalit\u00e4t aufgezwungen wird.<\/p>\n<p><b>Wir, die Unterzeichnenden dieser Deklaration, sind der Meinung, dass<\/b><\/p>\n<ul>\n<li>die Tatsache der Existenz einer gemeinsamen polyzentrischen Sprache das individuelle Recht auf Ausdruck der Zugeh\u00f6rigkeit zu verschiedenen V\u00f6lkern, Regionen oder Staaten nicht in Frage stellt;<\/li>\n<li>jeder Staat, jede Nation und jede ethnonationale oder regionale Gemeinschaft frei und selbst\u00e4ndig die eigene Variet\u00e4t der gemeinsamen Sprache kodifizieren kann;<\/li>\n<li>alle vier momentan bestehenden Standardvariet\u00e4ten gleichwertig sind und nicht eine davon als Sprache angesehen werden kann, und die anderen als Variet\u00e4ten dieser Sprache;<\/li>\n<li>die polyzentrische Standardisierung eine demokratische Form der Standardisierung ist, die dem tats\u00e4chlichen Gebrauch der Sprache am n\u00e4chsten kommt;<\/li>\n<li>die Tatsache, dass es sich um eine gemeinsame polyzentrische Standardsprache handelt, jedem Benutzer die M\u00f6glichkeit gibt, sie zu benennen, wie er es w\u00fcnscht;<\/li>\n<li>zwischen den Standardvariet\u00e4ten einer polyzentrischen Sprache Unterschiede in den sprachlichen und kulturellen Traditionen und in der Praxis, im Gebrauch der Schrift, im Wortschatz wie auch auf allen \u00fcbrigen sprachlichen Ebenen bestehen. Davon zeugen auch die unterschiedlichen Standardvariet\u00e4ten der gemeinsamen Sprache, in denen diese Deklaration ver\u00f6ffentlicht und benutzt werden wird;<\/li>\n<li>die Unterschiede der Standardvariet\u00e4ten sowie die dialektalen und individuellen Unterschiede keine gewaltsame institutionelle Trennung rechtfertigen, sondern, im Gegenteil, zum riesigen Reichtum der gemeinsamen Sprache beitragen.<\/li>\n<\/ul>\n<p><b>Daher rufen wir, die Unterzeichnenden dieser Deklaration, auf<\/b><\/p>\n<ul>\n<li>zur Abschaffung s\u00e4mtlicher Formen der Trennung und Diskriminierung aufgrund von Sprache in Bildungseinrichtungen und \u00f6ffentlichen Institutionen;<\/li>\n<li>zur Einstellung repressiver, unn\u00f6tiger und f\u00fcr die Sprecher sch\u00e4dlicher Praktiken zur Trennung der Sprache;<\/li>\n<li>zur Einstellung der rigiden Definition der Standardvariet\u00e4ten;<\/li>\n<li>zur Vermeidung unn\u00f6tiger, sinnloser und teurer \u201e\u00dcbersetzungen\u201c in der gerichtlichen und administrativen Praxis sowie in den Medien;<\/li>\n<li>zur Freiheit der individuellen Wahl und zur Achtung sprachlicher Vielfalt;<\/li>\n<li>zur Freiheit dialektaler und regionaler Verwendungen;<\/li>\n<li>und, schlie\u00dflich, zur Freiheit zur \u201eDurchmischung\u201c, zu gegenseitiger Offenheit und zum wechselseitigen Einfluss unterschiedlicher Formen und Ausdr\u00fccke der gemeinsamen Sprache zum umfassenden Nutzen aller ihrer Sprecher.<\/li>\n<\/ul>\n","protected":false},"excerpt":{"rendered":"<p>Angesichts der negativen gesellschaftlichen, kulturellen und wirtschaftlichen Folgen politischer Manipulationen durch Sprache und der aktuellen Sprachpolitik in Bosnien-Herzegowina, Kroatien, Montenegro und Serbien, verabschieden wir, die Unterzeichnenden, die DEKLARATION ZUR GEMEINSAMEN SPRACHEDie Frage, ob in Bosnien-Herzegowina, Kroatien, Montenegro und Serbien eine gemeinsame Sprache verwendet wird, kann&#8230;<\/p>\n","protected":false},"author":1,"featured_media":0,"parent":0,"menu_order":0,"comment_status":"closed","ping_status":"closed","template":"","meta":{"om_disable_all_campaigns":false,"_monsterinsights_skip_tracking":false,"_monsterinsights_sitenote_active":false,"_monsterinsights_sitenote_note":"","_monsterinsights_sitenote_category":0},"aioseo_notices":[],"_links":{"self":[{"href":"https:\/\/www.krokodil.rs\/eng\/wp-json\/wp\/v2\/pages\/15704"}],"collection":[{"href":"https:\/\/www.krokodil.rs\/eng\/wp-json\/wp\/v2\/pages"}],"about":[{"href":"https:\/\/www.krokodil.rs\/eng\/wp-json\/wp\/v2\/types\/page"}],"author":[{"embeddable":true,"href":"https:\/\/www.krokodil.rs\/eng\/wp-json\/wp\/v2\/users\/1"}],"replies":[{"embeddable":true,"href":"https:\/\/www.krokodil.rs\/eng\/wp-json\/wp\/v2\/comments?post=15704"}],"version-history":[{"count":1,"href":"https:\/\/www.krokodil.rs\/eng\/wp-json\/wp\/v2\/pages\/15704\/revisions"}],"predecessor-version":[{"id":15705,"href":"https:\/\/www.krokodil.rs\/eng\/wp-json\/wp\/v2\/pages\/15704\/revisions\/15705"}],"wp:attachment":[{"href":"https:\/\/www.krokodil.rs\/eng\/wp-json\/wp\/v2\/media?parent=15704"}],"curies":[{"name":"wp","href":"https:\/\/api.w.org\/{rel}","templated":true}]}}