{"id":19035,"date":"2024-08-06T13:14:43","date_gmt":"2024-08-06T13:14:43","guid":{"rendered":"https:\/\/www.krokodil.rs\/eng\/?page_id=19035"},"modified":"2024-08-06T13:14:44","modified_gmt":"2024-08-06T13:14:44","slug":"award-to-krokodil-for-courage-in-supporting-the-citizens-of-ukraine","status":"publish","type":"page","link":"https:\/\/www.krokodil.rs\/eng\/award-to-krokodil-for-courage-in-supporting-the-citizens-of-ukraine\/","title":{"rendered":"Award to KROKODIL for courage in supporting the citizens of Ukraine"},"content":{"rendered":"\n<p class=\"has-luminous-vivid-orange-color has-black-background-color has-text-color has-background\"><strong>The KROKODIL Association won the \u201cHrabri glas\u201d (Brave Voice) award for 2022 which CRTA (Center for Research, Transparency and Accountability) awards to individuals and groups that with special courage fight for the common good.<\/strong><\/p>\n\n\n\n<figure class=\"wp-block-image size-large is-resized\"><img decoding=\"async\" loading=\"lazy\" src=\"https:\/\/www.krokodil.rs\/eng\/wp-content\/uploads\/2024\/08\/Vukosava-Crnjanski_CRTA-Vladimir-Arsenijevic-Milena-Beric_Udruzenje-Krokodil-2048x1365-1-1-650x433.jpg\" alt=\"\" class=\"wp-image-19038\" width=\"641\" height=\"427\" srcset=\"https:\/\/www.krokodil.rs\/eng\/wp-content\/uploads\/2024\/08\/Vukosava-Crnjanski_CRTA-Vladimir-Arsenijevic-Milena-Beric_Udruzenje-Krokodil-2048x1365-1-1-650x433.jpg 650w, https:\/\/www.krokodil.rs\/eng\/wp-content\/uploads\/2024\/08\/Vukosava-Crnjanski_CRTA-Vladimir-Arsenijevic-Milena-Beric_Udruzenje-Krokodil-2048x1365-1-1-300x200.jpg 300w, https:\/\/www.krokodil.rs\/eng\/wp-content\/uploads\/2024\/08\/Vukosava-Crnjanski_CRTA-Vladimir-Arsenijevic-Milena-Beric_Udruzenje-Krokodil-2048x1365-1-1-768x512.jpg 768w, https:\/\/www.krokodil.rs\/eng\/wp-content\/uploads\/2024\/08\/Vukosava-Crnjanski_CRTA-Vladimir-Arsenijevic-Milena-Beric_Udruzenje-Krokodil-2048x1365-1-1-1536x1024.jpg 1536w, https:\/\/www.krokodil.rs\/eng\/wp-content\/uploads\/2024\/08\/Vukosava-Crnjanski_CRTA-Vladimir-Arsenijevic-Milena-Beric_Udruzenje-Krokodil-2048x1365-1-1-700x467.jpg 700w, https:\/\/www.krokodil.rs\/eng\/wp-content\/uploads\/2024\/08\/Vukosava-Crnjanski_CRTA-Vladimir-Arsenijevic-Milena-Beric_Udruzenje-Krokodil-2048x1365-1-1.jpg 2048w\" sizes=\"(max-width: 641px) 100vw, 641px\" \/><\/figure>\n\n\n\n<p>Solidarity with the citizens of Ukraine and the material support provided and delivered by KROKODIL in the form of humanitarian aid for the City Perinatal Center in Kharkiv, i.e. for prematurely born babies in war conditions, is the reason why CRTA decided to publicly express its respect for the association, which is known primarily for promotion of literature and creation of cultural activities and programs.<\/p>\n\n\n\n<p>The way in which the KROKODIL team connected with the health institution in Serbia, organized fundraising and traveled to a war-torn country is an inspiration for all civic activists.<\/p>\n\n\n\n<p>\u201cTo stand by the one who is attacked is always an act of courage, especially in conditions when it means opposing the prevalent public opinion,\u201d said Vukosava Crnjanski, director of CRTA, on the occasion of presenting the award to KROKODIL. \u201cUnder the influence of media propaganda, the majority of Serbian citizens, as the researches of CRTA show, opt for the aggressor in relation to the war in Ukraine. That makes the voice and tangible work of KROKODIL even more important and courageous, as a sign that truth and conscience have not completely died out in our society.\u201d<\/p>\n\n\n\n<p>\u201cWhen the Russian aggression against Ukraine started, we understood that the response of this society would not be what we would have hoped for. And that\u2019s reason enough to roll up one\u2019s sleeves.\u201d said Vladimir Arsenijevi\u0107, from the KROKODIL Association. \u201cWe came into direct contact with the City Perinatal Center in Kharkiv, which at that time was under the intense shelling by Russian attackers, and the staff of the Perinatal Center had to move incubators with premature babies into shelters on a daily basis. When we asked them what they needed, they literally said: Everything.\u201d<\/p>\n\n\n\n<p>Previous winners of \u201cHrabri glas\u201d award are: Milenko Jovanovi\u0107, whistleblower from the Environmental Protection Agency, Aleksandar Obradovi\u0107, whistleblower from Kru\u0161ik Holding Corporation, Marija Luki\u0107, who bravely spoke out against sexual harassment in the municipality of Brus and the initiative \u201cNe damo ni\u0161ki aerodrom\u201d (We will not give Ni\u0161 airport).<\/p>\n\n\n\n<p>CRTA proudly points out that it singled out KROKODIL in a year in which there were many other exceptional examples of civil courage in Serbia, primarily in the fight for women\u2019s rights, as well as regarding the protection of natural resources and the environment against investor urbanism, corporate greed and an irresponsible state.<\/p>\n","protected":false},"excerpt":{"rendered":"<p>The KROKODIL Association won the \u201cHrabri glas\u201d (Brave Voice) award for 2022 which CRTA (Center for Research, Transparency and Accountability) awards to individuals and groups that with special courage fight for the common good. Solidarity with the citizens of Ukraine and the material support provided&#8230;<\/p>\n","protected":false},"author":1,"featured_media":0,"parent":0,"menu_order":0,"comment_status":"closed","ping_status":"closed","template":"","meta":{"om_disable_all_campaigns":false,"_monsterinsights_skip_tracking":false,"_monsterinsights_sitenote_active":false,"_monsterinsights_sitenote_note":"","_monsterinsights_sitenote_category":0},"aioseo_notices":[],"_links":{"self":[{"href":"https:\/\/www.krokodil.rs\/eng\/wp-json\/wp\/v2\/pages\/19035"}],"collection":[{"href":"https:\/\/www.krokodil.rs\/eng\/wp-json\/wp\/v2\/pages"}],"about":[{"href":"https:\/\/www.krokodil.rs\/eng\/wp-json\/wp\/v2\/types\/page"}],"author":[{"embeddable":true,"href":"https:\/\/www.krokodil.rs\/eng\/wp-json\/wp\/v2\/users\/1"}],"replies":[{"embeddable":true,"href":"https:\/\/www.krokodil.rs\/eng\/wp-json\/wp\/v2\/comments?post=19035"}],"version-history":[{"count":4,"href":"https:\/\/www.krokodil.rs\/eng\/wp-json\/wp\/v2\/pages\/19035\/revisions"}],"predecessor-version":[{"id":19041,"href":"https:\/\/www.krokodil.rs\/eng\/wp-json\/wp\/v2\/pages\/19035\/revisions\/19041"}],"wp:attachment":[{"href":"https:\/\/www.krokodil.rs\/eng\/wp-json\/wp\/v2\/media?parent=19035"}],"curies":[{"name":"wp","href":"https:\/\/api.w.org\/{rel}","templated":true}]}}