{"id":20802,"date":"2026-01-14T15:01:35","date_gmt":"2026-01-14T15:01:35","guid":{"rendered":"https:\/\/www.krokodil.rs\/eng\/?page_id=20802"},"modified":"2026-01-14T15:12:44","modified_gmt":"2026-01-14T15:12:44","slug":"lit-up-2022-2025","status":"publish","type":"page","link":"https:\/\/www.krokodil.rs\/eng\/lit-up-2022-2025\/","title":{"rendered":"LIT-UP (2022-2025)"},"content":{"rendered":"<div class=\"wp-block-image\">\n<figure class=\"aligncenter size-full\"><img decoding=\"async\" loading=\"lazy\" width=\"500\" height=\"99\" src=\"https:\/\/www.krokodil.rs\/eng\/wp-content\/uploads\/2026\/01\/2022-06-27.png\" alt=\"\" class=\"wp-image-20803\" srcset=\"https:\/\/www.krokodil.rs\/eng\/wp-content\/uploads\/2026\/01\/2022-06-27.png 500w, https:\/\/www.krokodil.rs\/eng\/wp-content\/uploads\/2026\/01\/2022-06-27-300x59.png 300w\" sizes=\"(max-width: 500px) 100vw, 500px\" \/><\/figure><\/div>\n\n\n<h2 class=\"has-text-align-center\">Strategies To Support Languages Equality Through Literature<\/h2>\n\n\n\n<p class=\"has-text-align-center\"><strong>Enabling new skills and synergies with literature key actors to strengthen\u00a0less used languages market<\/strong><\/p>\n\n\n\n<p>The aim of Lit-Up is to come up with new strategies to improve the visibility of literature in minority\/minoritized and small languages in Europe on the national and international market. The project focuses on publishers, writers and book promotion organizations and stimulates cooperation, knowledge exchange and professionalization between the participating regions and the various professional groups. Workshops and training courses are organized by the various partners, for example on book promotion, foreign rights and building a network. In addition, literary events are organized to bring all parties into contact with each other and to show what literature in minor languages has to offer.<\/p>\n\n\n\n<p><strong>More info: litup-project.eu<\/strong><\/p>\n\n\n\n<p><\/p>\n\n\n\n<p><em>The LIT-UP Consortium includes the following organisations: ASSOCIACIO D\u2019EDITORIALS DEL PAIS VALENCIA (ES), Stichting Algemiene Fryske Underrjocht Kommisje AF\u00dbK (NL), IL LEONE VERDE (IT), UDRU\u017dENJE KROKODIL (RS), EUSKAL EDITOREEN ELKARTEA (ES) , ACENTOLINE COMUNICACI\u00d3N EDITORA SL (ES), ZALO\u017dBA GOGA and ZALO\u017dBA MALINC (SI).<\/em><\/p>\n\n\n\n<p><em>The LIT-UP project has received funding by the Creative Europe Programme of the European Union<\/em>.<\/p>\n\n\n<div class=\"wp-block-image\">\n<figure class=\"aligncenter size-large\"><img decoding=\"async\" loading=\"lazy\" width=\"650\" height=\"231\" src=\"https:\/\/www.krokodil.rs\/eng\/wp-content\/uploads\/2026\/01\/Screenshot-2026-01-14-161145-650x231.png\" alt=\"\" class=\"wp-image-20812\" srcset=\"https:\/\/www.krokodil.rs\/eng\/wp-content\/uploads\/2026\/01\/Screenshot-2026-01-14-161145-650x231.png 650w, https:\/\/www.krokodil.rs\/eng\/wp-content\/uploads\/2026\/01\/Screenshot-2026-01-14-161145-300x107.png 300w, https:\/\/www.krokodil.rs\/eng\/wp-content\/uploads\/2026\/01\/Screenshot-2026-01-14-161145-768x273.png 768w, https:\/\/www.krokodil.rs\/eng\/wp-content\/uploads\/2026\/01\/Screenshot-2026-01-14-161145-700x249.png 700w, https:\/\/www.krokodil.rs\/eng\/wp-content\/uploads\/2026\/01\/Screenshot-2026-01-14-161145.png 1165w\" sizes=\"(max-width: 650px) 100vw, 650px\" \/><\/figure><\/div>","protected":false},"excerpt":{"rendered":"<p>Strategies To Support Languages Equality Through Literature Enabling new skills and synergies with literature key actors to strengthen\u00a0less used languages market The aim of Lit-Up is to come up with new strategies to improve the visibility of literature in minority\/minoritized and small languages in Europe&#8230;<\/p>\n","protected":false},"author":1,"featured_media":0,"parent":0,"menu_order":0,"comment_status":"closed","ping_status":"closed","template":"","meta":{"om_disable_all_campaigns":false,"_monsterinsights_skip_tracking":false,"_monsterinsights_sitenote_active":false,"_monsterinsights_sitenote_note":"","_monsterinsights_sitenote_category":0},"aioseo_notices":[],"_links":{"self":[{"href":"https:\/\/www.krokodil.rs\/eng\/wp-json\/wp\/v2\/pages\/20802"}],"collection":[{"href":"https:\/\/www.krokodil.rs\/eng\/wp-json\/wp\/v2\/pages"}],"about":[{"href":"https:\/\/www.krokodil.rs\/eng\/wp-json\/wp\/v2\/types\/page"}],"author":[{"embeddable":true,"href":"https:\/\/www.krokodil.rs\/eng\/wp-json\/wp\/v2\/users\/1"}],"replies":[{"embeddable":true,"href":"https:\/\/www.krokodil.rs\/eng\/wp-json\/wp\/v2\/comments?post=20802"}],"version-history":[{"count":7,"href":"https:\/\/www.krokodil.rs\/eng\/wp-json\/wp\/v2\/pages\/20802\/revisions"}],"predecessor-version":[{"id":20815,"href":"https:\/\/www.krokodil.rs\/eng\/wp-json\/wp\/v2\/pages\/20802\/revisions\/20815"}],"wp:attachment":[{"href":"https:\/\/www.krokodil.rs\/eng\/wp-json\/wp\/v2\/media?parent=20802"}],"curies":[{"name":"wp","href":"https:\/\/api.w.org\/{rel}","templated":true}]}}